{"id":1223,"date":"2024-01-06T09:27:38","date_gmt":"2024-01-06T09:27:38","guid":{"rendered":"https:\/\/sia-avocats.be\/fees\/"},"modified":"2024-04-29T13:21:27","modified_gmt":"2024-04-29T13:21:27","slug":"fees","status":"publish","type":"page","link":"https:\/\/sia-avocats.be\/en\/fees\/","title":{"rendered":"FEES"},"content":{"rendered":"\t\t<div data-elementor-type=\"wp-page\" data-elementor-id=\"1223\" class=\"elementor elementor-1223 elementor-244\" data-elementor-post-type=\"page\">\n\t\t\t\t<div class=\"elementor-element elementor-element-6bd3c006 e-con-full e-flex e-con e-parent\" data-id=\"6bd3c006\" data-element_type=\"container\" data-settings=\"{&quot;background_background&quot;:&quot;classic&quot;}\">\n\t\t\t\t<div class=\"elementor-element elementor-element-7b7595ce elementor-widget elementor-widget-heading\" data-id=\"7b7595ce\" data-element_type=\"widget\" data-widget_type=\"heading.default\">\n\t\t\t\t<div class=\"elementor-widget-container\">\n\t\t\t\t\t<h1 class=\"elementor-heading-title elementor-size-default\">FEES<\/h1>\t\t\t\t<\/div>\n\t\t\t\t<\/div>\n\t\t\t\t<\/div>\n\t\t<div class=\"elementor-element elementor-element-65a18ba animated-slow e-flex e-con-boxed elementor-invisible e-con e-parent\" data-id=\"65a18ba\" data-element_type=\"container\" data-settings=\"{&quot;animation&quot;:&quot;fadeIn&quot;}\">\n\t\t\t\t\t<div class=\"e-con-inner\">\n\t\t\t\t<div class=\"elementor-element elementor-element-8655b69 elementor-widget elementor-widget-text-editor\" data-id=\"8655b69\" data-element_type=\"widget\" data-widget_type=\"text-editor.default\">\n\t\t\t\t<div class=\"elementor-widget-container\">\n\t\t\t\t\t\t\t\t\t<p><b class=\"red\">SIA<\/b> considers transparency and prior information on the pricing of its services to be essential.<\/p>\n<p>In this sense, whether the consideration for the firm&#8217;s services is calculated on the basis of a  <strong>hourly rate<\/strong>a  <strong>package<\/strong>  or a  <strong>subscription<\/strong>In all cases, billing terms will be analyzed, discussed and agreed with the customer at the first meeting, in a clear and detailed manner, taking into account the type of case handled and\/or the specific expectations of the customer concerned.<\/p>\n<p>In addition, <b class=\"red\">SIA<\/b> makes it a matter of principle to scrupulously respect the criterion of <strong>fair moderation<\/strong> in the accounting of its fees and expenses, naturally making available to its client, at the latter&#8217;s first request, a detailed and justified statement of each service rendered.<\/p>\n<p>One of <b class=\"red\">SIA<\/b> &#8216;s prime objectives is to enable each of its clients to act immediately with their lawyer in full knowledge of the facts, on the basis of a relationship of trust that is intended to be lasting and marked by the seal of transparency.<\/p>\n\t\t\t\t\t\t\t\t<\/div>\n\t\t\t\t<\/div>\n\t\t\t\t\t<\/div>\n\t\t\t\t<\/div>\n\t\t<div class=\"elementor-element elementor-element-9e0ee44 e-con-full e-flex e-con e-parent\" data-id=\"9e0ee44\" data-element_type=\"container\" data-settings=\"{&quot;background_background&quot;:&quot;classic&quot;}\">\n\t\t\t\t<div class=\"elementor-element elementor-element-20b9002 elementor-cta--layout-image-right elementor-cta--mobile-layout-image-above elementor-cta--skin-classic elementor-animated-content elementor-widget elementor-widget-call-to-action\" data-id=\"20b9002\" data-element_type=\"widget\" data-widget_type=\"call-to-action.default\">\n\t\t\t\t<div class=\"elementor-widget-container\">\n\t\t\t\t\t\t\t<div class=\"elementor-cta\">\n\t\t\t\t\t<div class=\"elementor-cta__bg-wrapper\">\n\t\t\t\t<div class=\"elementor-cta__bg elementor-bg\" style=\"background-image: url(https:\/\/sia-avocats.be\/wp-content\/uploads\/2024\/03\/Pic-Cab-Aure-scaled.jpg);\" role=\"img\" aria-label=\"Pic Cab Aure\u0301\"><\/div>\n\t\t\t\t<div class=\"elementor-cta__bg-overlay\"><\/div>\n\t\t\t<\/div>\n\t\t\t\t\t\t\t<div class=\"elementor-cta__content\">\n\t\t\t\t\n\t\t\t\t\n\t\t\t\t\t\t\t\t\t<div class=\"elementor-cta__description elementor-cta__content-item elementor-content-item\">\n\t\t\t\t\t\t<p>SIA Law firm<\/p>\n\t\t\t\t\t<\/div>\n\t\t\t\t\n\t\t\t\t\t\t\t\t\t<div class=\"elementor-cta__button-wrapper elementor-cta__content-item elementor-content-item \">\n\t\t\t\t\t<a class=\"elementor-cta__button elementor-button elementor-size-md\" href=\"https:\/\/sia-avocats.be\/contact\/\">\n\t\t\t\t\t\tMake an appointment\t\t\t\t\t<\/a>\n\t\t\t\t\t<\/div>\n\t\t\t\t\t\t\t<\/div>\n\t\t\t\t\t\t<\/div>\n\t\t\t\t\t\t<\/div>\n\t\t\t\t<\/div>\n\t\t\t\t<\/div>\n\t\t\t\t<\/div>\n\t\t","protected":false},"excerpt":{"rendered":"<p>FEES SIA considers transparency and prior information on the pricing of its services to be essential. In this sense, whether the consideration for the firm&#8217;s services is calculated on the basis of a hourly ratea package or a subscriptionIn all cases, billing terms will be analyzed, discussed and agreed with the customer at the first [&hellip;]<\/p>\n","protected":false},"author":1,"featured_media":0,"parent":0,"menu_order":0,"comment_status":"closed","ping_status":"closed","template":"","meta":{"_acf_changed":false,"footnotes":""},"class_list":["post-1223","page","type-page","status-publish","hentry"],"acf":[],"yoast_head":"<!-- This site is optimized with the Yoast SEO plugin v24.1 - https:\/\/yoast.com\/wordpress\/plugins\/seo\/ -->\n<title>FEES - Sia Cabinet d&#039;avocats<\/title>\n<meta name=\"robots\" content=\"index, follow, max-snippet:-1, max-image-preview:large, max-video-preview:-1\" \/>\n<link rel=\"canonical\" href=\"https:\/\/sia-avocats.be\/en\/fees\/\" \/>\n<meta property=\"og:locale\" content=\"en_US\" \/>\n<meta property=\"og:type\" content=\"article\" \/>\n<meta property=\"og:title\" content=\"FEES - Sia Cabinet d&#039;avocats\" \/>\n<meta property=\"og:description\" content=\"FEES SIA considers transparency and prior information on the pricing of its services to be essential. In this sense, whether the consideration for the firm&#8217;s services is calculated on the basis of a hourly ratea package or a subscriptionIn all cases, billing terms will be analyzed, discussed and agreed with the customer at the first [&hellip;]\" \/>\n<meta property=\"og:url\" content=\"https:\/\/sia-avocats.be\/en\/fees\/\" \/>\n<meta property=\"og:site_name\" content=\"Sia Cabinet d&#039;avocats\" \/>\n<meta property=\"article:modified_time\" content=\"2024-04-29T13:21:27+00:00\" \/>\n<meta property=\"og:image\" content=\"https:\/\/sia-avocats.be\/wp-content\/uploads\/2023\/12\/a61089_616cd4350a37402dae6a0ba22982e14emv2-scaled.jpg\" \/>\n\t<meta property=\"og:image:width\" content=\"2560\" \/>\n\t<meta property=\"og:image:height\" content=\"1707\" \/>\n\t<meta property=\"og:image:type\" content=\"image\/jpeg\" \/>\n<meta name=\"twitter:card\" content=\"summary_large_image\" \/>\n<meta name=\"twitter:label1\" content=\"Est. reading time\" \/>\n\t<meta name=\"twitter:data1\" content=\"1 minute\" \/>\n<script type=\"application\/ld+json\" class=\"yoast-schema-graph\">{\"@context\":\"https:\/\/schema.org\",\"@graph\":[{\"@type\":\"WebPage\",\"@id\":\"https:\/\/sia-avocats.be\/en\/fees\/\",\"url\":\"https:\/\/sia-avocats.be\/en\/fees\/\",\"name\":\"FEES - Sia Cabinet d&#039;avocats\",\"isPartOf\":{\"@id\":\"https:\/\/sia-avocats.be\/en\/#website\"},\"datePublished\":\"2024-01-06T09:27:38+00:00\",\"dateModified\":\"2024-04-29T13:21:27+00:00\",\"breadcrumb\":{\"@id\":\"https:\/\/sia-avocats.be\/en\/fees\/#breadcrumb\"},\"inLanguage\":\"en-US\",\"potentialAction\":[{\"@type\":\"ReadAction\",\"target\":[\"https:\/\/sia-avocats.be\/en\/fees\/\"]}]},{\"@type\":\"BreadcrumbList\",\"@id\":\"https:\/\/sia-avocats.be\/en\/fees\/#breadcrumb\",\"itemListElement\":[{\"@type\":\"ListItem\",\"position\":1,\"name\":\"Accueil\",\"item\":\"https:\/\/sia-avocats.be\/en\/home\/\"},{\"@type\":\"ListItem\",\"position\":2,\"name\":\"FEES\"}]},{\"@type\":\"WebSite\",\"@id\":\"https:\/\/sia-avocats.be\/en\/#website\",\"url\":\"https:\/\/sia-avocats.be\/en\/\",\"name\":\"Sia Cabinet d'avocats\",\"description\":\"Le cabinet SIA est situ\u00e9 \u00e0 Bruxelles et est sp\u00e9cialis\u00e9 en immobilier, commercial, soci\u00e9t\u00e9s, travail, p\u00e9nal, famille et responsabilit\u00e9 civile\",\"publisher\":{\"@id\":\"https:\/\/sia-avocats.be\/en\/#organization\"},\"potentialAction\":[{\"@type\":\"SearchAction\",\"target\":{\"@type\":\"EntryPoint\",\"urlTemplate\":\"https:\/\/sia-avocats.be\/en\/?s={search_term_string}\"},\"query-input\":{\"@type\":\"PropertyValueSpecification\",\"valueRequired\":true,\"valueName\":\"search_term_string\"}}],\"inLanguage\":\"en-US\"},{\"@type\":\"Organization\",\"@id\":\"https:\/\/sia-avocats.be\/en\/#organization\",\"name\":\"Sia Cabinet d'avocats\",\"url\":\"https:\/\/sia-avocats.be\/en\/\",\"logo\":{\"@type\":\"ImageObject\",\"inLanguage\":\"en-US\",\"@id\":\"https:\/\/sia-avocats.be\/en\/#\/schema\/logo\/image\/\",\"url\":\"https:\/\/sia-avocats.be\/wp-content\/uploads\/2024\/10\/Profile.png\",\"contentUrl\":\"https:\/\/sia-avocats.be\/wp-content\/uploads\/2024\/10\/Profile.png\",\"width\":800,\"height\":800,\"caption\":\"Sia Cabinet d'avocats\"},\"image\":{\"@id\":\"https:\/\/sia-avocats.be\/en\/#\/schema\/logo\/image\/\"},\"sameAs\":[\"https:\/\/www.linkedin.com\/company\/sia-cabinet-d-avocats\/\"]}]}<\/script>\n<!-- \/ Yoast SEO plugin. -->","yoast_head_json":{"title":"FEES - Sia Cabinet d&#039;avocats","robots":{"index":"index","follow":"follow","max-snippet":"max-snippet:-1","max-image-preview":"max-image-preview:large","max-video-preview":"max-video-preview:-1"},"canonical":"https:\/\/sia-avocats.be\/en\/fees\/","og_locale":"en_US","og_type":"article","og_title":"FEES - Sia Cabinet d&#039;avocats","og_description":"FEES SIA considers transparency and prior information on the pricing of its services to be essential. In this sense, whether the consideration for the firm&#8217;s services is calculated on the basis of a hourly ratea package or a subscriptionIn all cases, billing terms will be analyzed, discussed and agreed with the customer at the first [&hellip;]","og_url":"https:\/\/sia-avocats.be\/en\/fees\/","og_site_name":"Sia Cabinet d&#039;avocats","article_modified_time":"2024-04-29T13:21:27+00:00","og_image":[{"width":2560,"height":1707,"url":"https:\/\/sia-avocats.be\/wp-content\/uploads\/2023\/12\/a61089_616cd4350a37402dae6a0ba22982e14emv2-scaled.jpg","type":"image\/jpeg"}],"twitter_card":"summary_large_image","twitter_misc":{"Est. reading time":"1 minute"},"schema":{"@context":"https:\/\/schema.org","@graph":[{"@type":"WebPage","@id":"https:\/\/sia-avocats.be\/en\/fees\/","url":"https:\/\/sia-avocats.be\/en\/fees\/","name":"FEES - Sia Cabinet d&#039;avocats","isPartOf":{"@id":"https:\/\/sia-avocats.be\/en\/#website"},"datePublished":"2024-01-06T09:27:38+00:00","dateModified":"2024-04-29T13:21:27+00:00","breadcrumb":{"@id":"https:\/\/sia-avocats.be\/en\/fees\/#breadcrumb"},"inLanguage":"en-US","potentialAction":[{"@type":"ReadAction","target":["https:\/\/sia-avocats.be\/en\/fees\/"]}]},{"@type":"BreadcrumbList","@id":"https:\/\/sia-avocats.be\/en\/fees\/#breadcrumb","itemListElement":[{"@type":"ListItem","position":1,"name":"Accueil","item":"https:\/\/sia-avocats.be\/en\/home\/"},{"@type":"ListItem","position":2,"name":"FEES"}]},{"@type":"WebSite","@id":"https:\/\/sia-avocats.be\/en\/#website","url":"https:\/\/sia-avocats.be\/en\/","name":"Sia Cabinet d'avocats","description":"Le cabinet SIA est situ\u00e9 \u00e0 Bruxelles et est sp\u00e9cialis\u00e9 en immobilier, commercial, soci\u00e9t\u00e9s, travail, p\u00e9nal, famille et responsabilit\u00e9 civile","publisher":{"@id":"https:\/\/sia-avocats.be\/en\/#organization"},"potentialAction":[{"@type":"SearchAction","target":{"@type":"EntryPoint","urlTemplate":"https:\/\/sia-avocats.be\/en\/?s={search_term_string}"},"query-input":{"@type":"PropertyValueSpecification","valueRequired":true,"valueName":"search_term_string"}}],"inLanguage":"en-US"},{"@type":"Organization","@id":"https:\/\/sia-avocats.be\/en\/#organization","name":"Sia Cabinet d'avocats","url":"https:\/\/sia-avocats.be\/en\/","logo":{"@type":"ImageObject","inLanguage":"en-US","@id":"https:\/\/sia-avocats.be\/en\/#\/schema\/logo\/image\/","url":"https:\/\/sia-avocats.be\/wp-content\/uploads\/2024\/10\/Profile.png","contentUrl":"https:\/\/sia-avocats.be\/wp-content\/uploads\/2024\/10\/Profile.png","width":800,"height":800,"caption":"Sia Cabinet d'avocats"},"image":{"@id":"https:\/\/sia-avocats.be\/en\/#\/schema\/logo\/image\/"},"sameAs":["https:\/\/www.linkedin.com\/company\/sia-cabinet-d-avocats\/"]}]}},"_links":{"self":[{"href":"https:\/\/sia-avocats.be\/en\/wp-json\/wp\/v2\/pages\/1223","targetHints":{"allow":["GET"]}}],"collection":[{"href":"https:\/\/sia-avocats.be\/en\/wp-json\/wp\/v2\/pages"}],"about":[{"href":"https:\/\/sia-avocats.be\/en\/wp-json\/wp\/v2\/types\/page"}],"author":[{"embeddable":true,"href":"https:\/\/sia-avocats.be\/en\/wp-json\/wp\/v2\/users\/1"}],"replies":[{"embeddable":true,"href":"https:\/\/sia-avocats.be\/en\/wp-json\/wp\/v2\/comments?post=1223"}],"version-history":[{"count":3,"href":"https:\/\/sia-avocats.be\/en\/wp-json\/wp\/v2\/pages\/1223\/revisions"}],"predecessor-version":[{"id":1439,"href":"https:\/\/sia-avocats.be\/en\/wp-json\/wp\/v2\/pages\/1223\/revisions\/1439"}],"wp:attachment":[{"href":"https:\/\/sia-avocats.be\/en\/wp-json\/wp\/v2\/media?parent=1223"}],"curies":[{"name":"wp","href":"https:\/\/api.w.org\/{rel}","templated":true}]}}